{"id":7826,"date":"2022-03-30T09:27:37","date_gmt":"2022-03-30T07:27:37","guid":{"rendered":"https:\/\/helty-2022.mentine.work\/empresa\/"},"modified":"2022-03-30T09:35:14","modified_gmt":"2022-03-30T07:35:14","slug":"empresa","status":"publish","type":"page","link":"https:\/\/helty-2022.mentine.work\/es\/empresa\/","title":{"rendered":"Empresa"},"content":{"rendered":"","protected":false},"excerpt":{"rendered":"","protected":false},"author":1,"featured_media":0,"parent":0,"menu_order":50,"comment_status":"closed","ping_status":"closed","template":"","meta":{"_acf_changed":false,"inline_featured_image":false,"footnotes":""},"class_list":["post-7826","page","type-page","status-publish","hentry"],"acf":[],"yoast_head":"<!-- This site is optimized with the Yoast SEO plugin v27.1.1 - https:\/\/yoast.com\/product\/yoast-seo-wordpress\/ -->\n<title>VMI Helty: ventilaci\u00f3n descentralizada de alta eficiencia energ\u00e9tica<\/title>\n<meta name=\"description\" content=\"Helty se especializa en el desarrollo de soluciones avanzadas de ventilaci\u00f3n mec\u00e1nica descentralizada, dise\u00f1adas para lograr la m\u00e1xima eficiencia energ\u00e9tica y confort en los edificios.\" \/>\n<meta name=\"robots\" content=\"noindex, follow, max-snippet:-1, max-image-preview:large, max-video-preview:-1\" \/>\n<meta property=\"og:locale\" content=\"es_ES\" \/>\n<meta property=\"og:type\" content=\"article\" \/>\n<meta property=\"og:title\" content=\"VMI Helty: ventilaci\u00f3n descentralizada de alta eficiencia energ\u00e9tica\" \/>\n<meta property=\"og:description\" content=\"Helty se especializa en el desarrollo de soluciones avanzadas de ventilaci\u00f3n mec\u00e1nica descentralizada, dise\u00f1adas para lograr la m\u00e1xima eficiencia energ\u00e9tica y confort en los edificios.\" \/>\n<meta property=\"og:url\" content=\"https:\/\/helty-2022.mentine.work\/es\/empresa\/\" \/>\n<meta property=\"og:site_name\" content=\"Helty\" \/>\n<meta property=\"article:publisher\" content=\"https:\/\/www.facebook.com\/HeltyOfficial\" \/>\n<meta property=\"article:modified_time\" content=\"2022-03-30T07:35:14+00:00\" \/>\n<meta name=\"twitter:card\" content=\"summary_large_image\" \/>\n<script type=\"application\/ld+json\" class=\"yoast-schema-graph\">{\"@context\":\"https:\/\/schema.org\",\"@graph\":[{\"@type\":\"WebPage\",\"@id\":\"https:\/\/helty-2022.mentine.work\/es\/empresa\/\",\"url\":\"https:\/\/helty-2022.mentine.work\/es\/empresa\/\",\"name\":\"VMI Helty: ventilaci\u00f3n descentralizada de alta eficiencia energ\u00e9tica\",\"isPartOf\":{\"@id\":\"https:\/\/helty-2022.mentine.work\/es\/#website\"},\"datePublished\":\"2022-03-30T07:27:37+00:00\",\"dateModified\":\"2022-03-30T07:35:14+00:00\",\"description\":\"Helty se especializa en el desarrollo de soluciones avanzadas de ventilaci\u00f3n mec\u00e1nica descentralizada, dise\u00f1adas para lograr la m\u00e1xima eficiencia energ\u00e9tica y confort en los edificios.\",\"breadcrumb\":{\"@id\":\"https:\/\/helty-2022.mentine.work\/es\/empresa\/#breadcrumb\"},\"inLanguage\":\"es\",\"potentialAction\":[{\"@type\":\"ReadAction\",\"target\":[\"https:\/\/helty-2022.mentine.work\/es\/empresa\/\"]}]},{\"@type\":\"BreadcrumbList\",\"@id\":\"https:\/\/helty-2022.mentine.work\/es\/empresa\/#breadcrumb\",\"itemListElement\":[{\"@type\":\"ListItem\",\"position\":1,\"name\":\"Home\",\"item\":\"https:\/\/helty-2022.mentine.work\/es\/\"},{\"@type\":\"ListItem\",\"position\":2,\"name\":\"Empresa\"}]},{\"@type\":\"WebSite\",\"@id\":\"https:\/\/helty-2022.mentine.work\/es\/#website\",\"url\":\"https:\/\/helty-2022.mentine.work\/es\/\",\"name\":\"Helty\",\"description\":\"Aria pura per la tua casa\",\"publisher\":{\"@id\":\"https:\/\/helty-2022.mentine.work\/es\/#organization\"},\"potentialAction\":[{\"@type\":\"SearchAction\",\"target\":{\"@type\":\"EntryPoint\",\"urlTemplate\":\"https:\/\/helty-2022.mentine.work\/es\/?s={search_term_string}\"},\"query-input\":{\"@type\":\"PropertyValueSpecification\",\"valueRequired\":true,\"valueName\":\"search_term_string\"}}],\"inLanguage\":\"es\"},{\"@type\":\"Organization\",\"@id\":\"https:\/\/helty-2022.mentine.work\/es\/#organization\",\"name\":\"Helty srl\",\"url\":\"https:\/\/helty-2022.mentine.work\/es\/\",\"logo\":{\"@type\":\"ImageObject\",\"inLanguage\":\"es\",\"@id\":\"https:\/\/helty-2022.mentine.work\/es\/#\/schema\/logo\/image\/\",\"url\":\"https:\/\/helty-2022.mentine.work\/wp-content\/uploads\/2022\/02\/Helty_logo_payoff1.jpg\",\"contentUrl\":\"https:\/\/helty-2022.mentine.work\/wp-content\/uploads\/2022\/02\/Helty_logo_payoff1.jpg\",\"width\":2000,\"height\":793,\"caption\":\"Helty srl\"},\"image\":{\"@id\":\"https:\/\/helty-2022.mentine.work\/es\/#\/schema\/logo\/image\/\"},\"sameAs\":[\"https:\/\/www.facebook.com\/HeltyOfficial\",\"https:\/\/www.instagram.com\/heltysrl\",\"https:\/\/www.linkedin.com\/company\/18785237\/\",\"https:\/\/www.youtube.com\/channel\/UCX9keynBErdTMgZoqTHd-iQ\/\"]}]}<\/script>\n<!-- \/ Yoast SEO plugin. -->","yoast_head_json":{"title":"VMI Helty: ventilaci\u00f3n descentralizada de alta eficiencia energ\u00e9tica","description":"Helty se especializa en el desarrollo de soluciones avanzadas de ventilaci\u00f3n mec\u00e1nica descentralizada, dise\u00f1adas para lograr la m\u00e1xima eficiencia energ\u00e9tica y confort en los edificios.","robots":{"index":"noindex","follow":"follow","max-snippet":"max-snippet:-1","max-image-preview":"max-image-preview:large","max-video-preview":"max-video-preview:-1"},"og_locale":"es_ES","og_type":"article","og_title":"VMI Helty: ventilaci\u00f3n descentralizada de alta eficiencia energ\u00e9tica","og_description":"Helty se especializa en el desarrollo de soluciones avanzadas de ventilaci\u00f3n mec\u00e1nica descentralizada, dise\u00f1adas para lograr la m\u00e1xima eficiencia energ\u00e9tica y confort en los edificios.","og_url":"https:\/\/helty-2022.mentine.work\/es\/empresa\/","og_site_name":"Helty","article_publisher":"https:\/\/www.facebook.com\/HeltyOfficial","article_modified_time":"2022-03-30T07:35:14+00:00","twitter_card":"summary_large_image","schema":{"@context":"https:\/\/schema.org","@graph":[{"@type":"WebPage","@id":"https:\/\/helty-2022.mentine.work\/es\/empresa\/","url":"https:\/\/helty-2022.mentine.work\/es\/empresa\/","name":"VMI Helty: ventilaci\u00f3n descentralizada de alta eficiencia energ\u00e9tica","isPartOf":{"@id":"https:\/\/helty-2022.mentine.work\/es\/#website"},"datePublished":"2022-03-30T07:27:37+00:00","dateModified":"2022-03-30T07:35:14+00:00","description":"Helty se especializa en el desarrollo de soluciones avanzadas de ventilaci\u00f3n mec\u00e1nica descentralizada, dise\u00f1adas para lograr la m\u00e1xima eficiencia energ\u00e9tica y confort en los edificios.","breadcrumb":{"@id":"https:\/\/helty-2022.mentine.work\/es\/empresa\/#breadcrumb"},"inLanguage":"es","potentialAction":[{"@type":"ReadAction","target":["https:\/\/helty-2022.mentine.work\/es\/empresa\/"]}]},{"@type":"BreadcrumbList","@id":"https:\/\/helty-2022.mentine.work\/es\/empresa\/#breadcrumb","itemListElement":[{"@type":"ListItem","position":1,"name":"Home","item":"https:\/\/helty-2022.mentine.work\/es\/"},{"@type":"ListItem","position":2,"name":"Empresa"}]},{"@type":"WebSite","@id":"https:\/\/helty-2022.mentine.work\/es\/#website","url":"https:\/\/helty-2022.mentine.work\/es\/","name":"Helty","description":"Aria pura per la tua casa","publisher":{"@id":"https:\/\/helty-2022.mentine.work\/es\/#organization"},"potentialAction":[{"@type":"SearchAction","target":{"@type":"EntryPoint","urlTemplate":"https:\/\/helty-2022.mentine.work\/es\/?s={search_term_string}"},"query-input":{"@type":"PropertyValueSpecification","valueRequired":true,"valueName":"search_term_string"}}],"inLanguage":"es"},{"@type":"Organization","@id":"https:\/\/helty-2022.mentine.work\/es\/#organization","name":"Helty srl","url":"https:\/\/helty-2022.mentine.work\/es\/","logo":{"@type":"ImageObject","inLanguage":"es","@id":"https:\/\/helty-2022.mentine.work\/es\/#\/schema\/logo\/image\/","url":"https:\/\/helty-2022.mentine.work\/wp-content\/uploads\/2022\/02\/Helty_logo_payoff1.jpg","contentUrl":"https:\/\/helty-2022.mentine.work\/wp-content\/uploads\/2022\/02\/Helty_logo_payoff1.jpg","width":2000,"height":793,"caption":"Helty srl"},"image":{"@id":"https:\/\/helty-2022.mentine.work\/es\/#\/schema\/logo\/image\/"},"sameAs":["https:\/\/www.facebook.com\/HeltyOfficial","https:\/\/www.instagram.com\/heltysrl","https:\/\/www.linkedin.com\/company\/18785237\/","https:\/\/www.youtube.com\/channel\/UCX9keynBErdTMgZoqTHd-iQ\/"]}]}},"_links":{"self":[{"href":"https:\/\/helty-2022.mentine.work\/es\/wp-json\/wp\/v2\/pages\/7826","targetHints":{"allow":["GET"]}}],"collection":[{"href":"https:\/\/helty-2022.mentine.work\/es\/wp-json\/wp\/v2\/pages"}],"about":[{"href":"https:\/\/helty-2022.mentine.work\/es\/wp-json\/wp\/v2\/types\/page"}],"author":[{"embeddable":true,"href":"https:\/\/helty-2022.mentine.work\/es\/wp-json\/wp\/v2\/users\/1"}],"replies":[{"embeddable":true,"href":"https:\/\/helty-2022.mentine.work\/es\/wp-json\/wp\/v2\/comments?post=7826"}],"version-history":[{"count":1,"href":"https:\/\/helty-2022.mentine.work\/es\/wp-json\/wp\/v2\/pages\/7826\/revisions"}],"predecessor-version":[{"id":7938,"href":"https:\/\/helty-2022.mentine.work\/es\/wp-json\/wp\/v2\/pages\/7826\/revisions\/7938"}],"wp:attachment":[{"href":"https:\/\/helty-2022.mentine.work\/es\/wp-json\/wp\/v2\/media?parent=7826"}],"curies":[{"name":"wp","href":"https:\/\/api.w.org\/{rel}","templated":true}]}}