{"id":14495,"date":"2024-08-02T16:41:30","date_gmt":"2024-08-02T14:41:30","guid":{"rendered":"https:\/\/helty-2022.mentine.work\/unternehmen\/academy\/"},"modified":"2024-08-02T16:47:34","modified_gmt":"2024-08-02T14:47:34","slug":"academy","status":"publish","type":"page","link":"https:\/\/helty-2022.mentine.work\/de\/unternehmen\/academy\/","title":{"rendered":"Academy"},"content":{"rendered":"","protected":false},"excerpt":{"rendered":"","protected":false},"author":1,"featured_media":0,"parent":14489,"menu_order":63,"comment_status":"closed","ping_status":"closed","template":"pagina-archivio.php","meta":{"_acf_changed":false,"inline_featured_image":false,"footnotes":""},"class_list":["post-14495","page","type-page","status-publish","hentry"],"acf":[],"yoast_head":"<!-- This site is optimized with the Yoast SEO plugin v27.1.1 - https:\/\/yoast.com\/product\/yoast-seo-wordpress\/ -->\n<title>Helty Academy: Seminare und Meetings zu den Themen Luftqualit\u00e4t und Gesundheit im Bauwesen<\/title>\n<meta name=\"description\" content=\"Erkunden Sie die Termine im Veranstaltungskalender der Helty Academy f\u00fcr Fachleute, Planer und Insider, um mehr \u00fcber Luftqualit\u00e4t und Gesundheit im Bauwesen zu erfahren.\" \/>\n<meta name=\"robots\" content=\"noindex, follow, max-snippet:-1, max-image-preview:large, max-video-preview:-1\" \/>\n<meta property=\"og:locale\" content=\"de_DE\" \/>\n<meta property=\"og:type\" content=\"article\" \/>\n<meta property=\"og:title\" content=\"Helty Academy: Seminare und Meetings zu den Themen Luftqualit\u00e4t und Gesundheit im Bauwesen\" \/>\n<meta property=\"og:description\" content=\"Erkunden Sie die Termine im Veranstaltungskalender der Helty Academy f\u00fcr Fachleute, Planer und Insider, um mehr \u00fcber Luftqualit\u00e4t und Gesundheit im Bauwesen zu erfahren.\" \/>\n<meta property=\"og:url\" content=\"https:\/\/helty-2022.mentine.work\/de\/unternehmen\/academy\/\" \/>\n<meta property=\"og:site_name\" content=\"Helty\" \/>\n<meta property=\"article:publisher\" content=\"https:\/\/www.facebook.com\/HeltyOfficial\" \/>\n<meta property=\"article:modified_time\" content=\"2024-08-02T14:47:34+00:00\" \/>\n<meta name=\"twitter:card\" content=\"summary_large_image\" \/>\n<script type=\"application\/ld+json\" class=\"yoast-schema-graph\">{\"@context\":\"https:\/\/schema.org\",\"@graph\":[{\"@type\":\"WebPage\",\"@id\":\"https:\/\/helty-2022.mentine.work\/de\/unternehmen\/academy\/\",\"url\":\"https:\/\/helty-2022.mentine.work\/de\/unternehmen\/academy\/\",\"name\":\"Helty Academy: Seminare und Meetings zu den Themen Luftqualit\u00e4t und Gesundheit im Bauwesen\",\"isPartOf\":{\"@id\":\"https:\/\/helty-2022.mentine.work\/de\/#website\"},\"datePublished\":\"2024-08-02T14:41:30+00:00\",\"dateModified\":\"2024-08-02T14:47:34+00:00\",\"description\":\"Erkunden Sie die Termine im Veranstaltungskalender der Helty Academy f\u00fcr Fachleute, Planer und Insider, um mehr \u00fcber Luftqualit\u00e4t und Gesundheit im Bauwesen zu erfahren.\",\"breadcrumb\":{\"@id\":\"https:\/\/helty-2022.mentine.work\/de\/unternehmen\/academy\/#breadcrumb\"},\"inLanguage\":\"de-DE\",\"potentialAction\":[{\"@type\":\"ReadAction\",\"target\":[\"https:\/\/helty-2022.mentine.work\/de\/unternehmen\/academy\/\"]}]},{\"@type\":\"BreadcrumbList\",\"@id\":\"https:\/\/helty-2022.mentine.work\/de\/unternehmen\/academy\/#breadcrumb\",\"itemListElement\":[{\"@type\":\"ListItem\",\"position\":1,\"name\":\"Home\",\"item\":\"https:\/\/helty-2022.mentine.work\/de\/\"},{\"@type\":\"ListItem\",\"position\":2,\"name\":\"Unternehmen\",\"item\":\"https:\/\/helty-2022.mentine.work\/de\/unternehmen\/\"},{\"@type\":\"ListItem\",\"position\":3,\"name\":\"Academy\"}]},{\"@type\":\"WebSite\",\"@id\":\"https:\/\/helty-2022.mentine.work\/de\/#website\",\"url\":\"https:\/\/helty-2022.mentine.work\/de\/\",\"name\":\"Helty\",\"description\":\"Aria pura per la tua casa\",\"publisher\":{\"@id\":\"https:\/\/helty-2022.mentine.work\/de\/#organization\"},\"potentialAction\":[{\"@type\":\"SearchAction\",\"target\":{\"@type\":\"EntryPoint\",\"urlTemplate\":\"https:\/\/helty-2022.mentine.work\/de\/?s={search_term_string}\"},\"query-input\":{\"@type\":\"PropertyValueSpecification\",\"valueRequired\":true,\"valueName\":\"search_term_string\"}}],\"inLanguage\":\"de-DE\"},{\"@type\":\"Organization\",\"@id\":\"https:\/\/helty-2022.mentine.work\/de\/#organization\",\"name\":\"Helty srl\",\"url\":\"https:\/\/helty-2022.mentine.work\/de\/\",\"logo\":{\"@type\":\"ImageObject\",\"inLanguage\":\"de-DE\",\"@id\":\"https:\/\/helty-2022.mentine.work\/de\/#\/schema\/logo\/image\/\",\"url\":\"https:\/\/helty-2022.mentine.work\/wp-content\/uploads\/2022\/02\/Helty_logo_payoff1.jpg\",\"contentUrl\":\"https:\/\/helty-2022.mentine.work\/wp-content\/uploads\/2022\/02\/Helty_logo_payoff1.jpg\",\"width\":2000,\"height\":793,\"caption\":\"Helty srl\"},\"image\":{\"@id\":\"https:\/\/helty-2022.mentine.work\/de\/#\/schema\/logo\/image\/\"},\"sameAs\":[\"https:\/\/www.facebook.com\/HeltyOfficial\",\"https:\/\/www.instagram.com\/heltysrl\",\"https:\/\/www.linkedin.com\/company\/18785237\/\",\"https:\/\/www.youtube.com\/channel\/UCX9keynBErdTMgZoqTHd-iQ\/\"]}]}<\/script>\n<!-- \/ Yoast SEO plugin. -->","yoast_head_json":{"title":"Helty Academy: Seminare und Meetings zu den Themen Luftqualit\u00e4t und Gesundheit im Bauwesen","description":"Erkunden Sie die Termine im Veranstaltungskalender der Helty Academy f\u00fcr Fachleute, Planer und Insider, um mehr \u00fcber Luftqualit\u00e4t und Gesundheit im Bauwesen zu erfahren.","robots":{"index":"noindex","follow":"follow","max-snippet":"max-snippet:-1","max-image-preview":"max-image-preview:large","max-video-preview":"max-video-preview:-1"},"og_locale":"de_DE","og_type":"article","og_title":"Helty Academy: Seminare und Meetings zu den Themen Luftqualit\u00e4t und Gesundheit im Bauwesen","og_description":"Erkunden Sie die Termine im Veranstaltungskalender der Helty Academy f\u00fcr Fachleute, Planer und Insider, um mehr \u00fcber Luftqualit\u00e4t und Gesundheit im Bauwesen zu erfahren.","og_url":"https:\/\/helty-2022.mentine.work\/de\/unternehmen\/academy\/","og_site_name":"Helty","article_publisher":"https:\/\/www.facebook.com\/HeltyOfficial","article_modified_time":"2024-08-02T14:47:34+00:00","twitter_card":"summary_large_image","schema":{"@context":"https:\/\/schema.org","@graph":[{"@type":"WebPage","@id":"https:\/\/helty-2022.mentine.work\/de\/unternehmen\/academy\/","url":"https:\/\/helty-2022.mentine.work\/de\/unternehmen\/academy\/","name":"Helty Academy: Seminare und Meetings zu den Themen Luftqualit\u00e4t und Gesundheit im Bauwesen","isPartOf":{"@id":"https:\/\/helty-2022.mentine.work\/de\/#website"},"datePublished":"2024-08-02T14:41:30+00:00","dateModified":"2024-08-02T14:47:34+00:00","description":"Erkunden Sie die Termine im Veranstaltungskalender der Helty Academy f\u00fcr Fachleute, Planer und Insider, um mehr \u00fcber Luftqualit\u00e4t und Gesundheit im Bauwesen zu erfahren.","breadcrumb":{"@id":"https:\/\/helty-2022.mentine.work\/de\/unternehmen\/academy\/#breadcrumb"},"inLanguage":"de-DE","potentialAction":[{"@type":"ReadAction","target":["https:\/\/helty-2022.mentine.work\/de\/unternehmen\/academy\/"]}]},{"@type":"BreadcrumbList","@id":"https:\/\/helty-2022.mentine.work\/de\/unternehmen\/academy\/#breadcrumb","itemListElement":[{"@type":"ListItem","position":1,"name":"Home","item":"https:\/\/helty-2022.mentine.work\/de\/"},{"@type":"ListItem","position":2,"name":"Unternehmen","item":"https:\/\/helty-2022.mentine.work\/de\/unternehmen\/"},{"@type":"ListItem","position":3,"name":"Academy"}]},{"@type":"WebSite","@id":"https:\/\/helty-2022.mentine.work\/de\/#website","url":"https:\/\/helty-2022.mentine.work\/de\/","name":"Helty","description":"Aria pura per la tua casa","publisher":{"@id":"https:\/\/helty-2022.mentine.work\/de\/#organization"},"potentialAction":[{"@type":"SearchAction","target":{"@type":"EntryPoint","urlTemplate":"https:\/\/helty-2022.mentine.work\/de\/?s={search_term_string}"},"query-input":{"@type":"PropertyValueSpecification","valueRequired":true,"valueName":"search_term_string"}}],"inLanguage":"de-DE"},{"@type":"Organization","@id":"https:\/\/helty-2022.mentine.work\/de\/#organization","name":"Helty srl","url":"https:\/\/helty-2022.mentine.work\/de\/","logo":{"@type":"ImageObject","inLanguage":"de-DE","@id":"https:\/\/helty-2022.mentine.work\/de\/#\/schema\/logo\/image\/","url":"https:\/\/helty-2022.mentine.work\/wp-content\/uploads\/2022\/02\/Helty_logo_payoff1.jpg","contentUrl":"https:\/\/helty-2022.mentine.work\/wp-content\/uploads\/2022\/02\/Helty_logo_payoff1.jpg","width":2000,"height":793,"caption":"Helty srl"},"image":{"@id":"https:\/\/helty-2022.mentine.work\/de\/#\/schema\/logo\/image\/"},"sameAs":["https:\/\/www.facebook.com\/HeltyOfficial","https:\/\/www.instagram.com\/heltysrl","https:\/\/www.linkedin.com\/company\/18785237\/","https:\/\/www.youtube.com\/channel\/UCX9keynBErdTMgZoqTHd-iQ\/"]}]}},"_links":{"self":[{"href":"https:\/\/helty-2022.mentine.work\/de\/wp-json\/wp\/v2\/pages\/14495","targetHints":{"allow":["GET"]}}],"collection":[{"href":"https:\/\/helty-2022.mentine.work\/de\/wp-json\/wp\/v2\/pages"}],"about":[{"href":"https:\/\/helty-2022.mentine.work\/de\/wp-json\/wp\/v2\/types\/page"}],"author":[{"embeddable":true,"href":"https:\/\/helty-2022.mentine.work\/de\/wp-json\/wp\/v2\/users\/1"}],"replies":[{"embeddable":true,"href":"https:\/\/helty-2022.mentine.work\/de\/wp-json\/wp\/v2\/comments?post=14495"}],"version-history":[{"count":1,"href":"https:\/\/helty-2022.mentine.work\/de\/wp-json\/wp\/v2\/pages\/14495\/revisions"}],"predecessor-version":[{"id":14509,"href":"https:\/\/helty-2022.mentine.work\/de\/wp-json\/wp\/v2\/pages\/14495\/revisions\/14509"}],"up":[{"embeddable":true,"href":"https:\/\/helty-2022.mentine.work\/de\/wp-json\/wp\/v2\/pages\/14489"}],"wp:attachment":[{"href":"https:\/\/helty-2022.mentine.work\/de\/wp-json\/wp\/v2\/media?parent=14495"}],"curies":[{"name":"wp","href":"https:\/\/api.w.org\/{rel}","templated":true}]}}