{"id":14487,"date":"2024-08-02T16:41:28","date_gmt":"2024-08-02T14:41:28","guid":{"rendered":"https:\/\/helty-2022.mentine.work\/ausfuehrungen\/"},"modified":"2024-08-02T16:47:40","modified_gmt":"2024-08-02T14:47:40","slug":"ausfuehrungen","status":"publish","type":"page","link":"https:\/\/helty-2022.mentine.work\/de\/ausfuehrungen\/","title":{"rendered":"Ausf\u00fchrungen"},"content":{"rendered":"","protected":false},"excerpt":{"rendered":"","protected":false},"author":1,"featured_media":0,"parent":0,"menu_order":112,"comment_status":"closed","ping_status":"closed","template":"pagina-archivio.php","meta":{"_acf_changed":false,"inline_featured_image":false,"footnotes":""},"class_list":["post-14487","page","type-page","status-publish","hentry"],"acf":[],"yoast_head":"<!-- This site is optimized with the Yoast SEO plugin v27.1.1 - https:\/\/yoast.com\/product\/yoast-seo-wordpress\/ -->\n<title>Projekte von Helty - Fallbeispiele von Anlagen mit punktueller KWL und Zweistrombetrieb<\/title>\n<meta name=\"description\" content=\"M\u00f6chten Sie die KWL von Helty kennenlernen? Werfen Sie einen Blick auf einige der von uns ausgef\u00fchrten Anlagen zur kontrollierten Wohnrauml\u00fcftung, die diversen Anforderungen gerecht werden.\" \/>\n<meta name=\"robots\" content=\"noindex, follow, max-snippet:-1, max-image-preview:large, max-video-preview:-1\" \/>\n<meta property=\"og:locale\" content=\"de_DE\" \/>\n<meta property=\"og:type\" content=\"article\" \/>\n<meta property=\"og:title\" content=\"Projekte von Helty - Fallbeispiele von Anlagen mit punktueller KWL und Zweistrombetrieb\" \/>\n<meta property=\"og:description\" content=\"M\u00f6chten Sie die KWL von Helty kennenlernen? Werfen Sie einen Blick auf einige der von uns ausgef\u00fchrten Anlagen zur kontrollierten Wohnrauml\u00fcftung, die diversen Anforderungen gerecht werden.\" \/>\n<meta property=\"og:url\" content=\"https:\/\/helty-2022.mentine.work\/de\/ausfuehrungen\/\" \/>\n<meta property=\"og:site_name\" content=\"Helty\" \/>\n<meta property=\"article:publisher\" content=\"https:\/\/www.facebook.com\/HeltyOfficial\" \/>\n<meta property=\"article:modified_time\" content=\"2024-08-02T14:47:40+00:00\" \/>\n<meta name=\"twitter:card\" content=\"summary_large_image\" \/>\n<script type=\"application\/ld+json\" class=\"yoast-schema-graph\">{\"@context\":\"https:\/\/schema.org\",\"@graph\":[{\"@type\":\"WebPage\",\"@id\":\"https:\/\/helty-2022.mentine.work\/de\/ausfuehrungen\/\",\"url\":\"https:\/\/helty-2022.mentine.work\/de\/ausfuehrungen\/\",\"name\":\"Projekte von Helty - Fallbeispiele von Anlagen mit punktueller KWL und Zweistrombetrieb\",\"isPartOf\":{\"@id\":\"https:\/\/helty-2022.mentine.work\/de\/#website\"},\"datePublished\":\"2024-08-02T14:41:28+00:00\",\"dateModified\":\"2024-08-02T14:47:40+00:00\",\"description\":\"M\u00f6chten Sie die KWL von Helty kennenlernen? Werfen Sie einen Blick auf einige der von uns ausgef\u00fchrten Anlagen zur kontrollierten Wohnrauml\u00fcftung, die diversen Anforderungen gerecht werden.\",\"breadcrumb\":{\"@id\":\"https:\/\/helty-2022.mentine.work\/de\/ausfuehrungen\/#breadcrumb\"},\"inLanguage\":\"de-DE\",\"potentialAction\":[{\"@type\":\"ReadAction\",\"target\":[\"https:\/\/helty-2022.mentine.work\/de\/ausfuehrungen\/\"]}]},{\"@type\":\"BreadcrumbList\",\"@id\":\"https:\/\/helty-2022.mentine.work\/de\/ausfuehrungen\/#breadcrumb\",\"itemListElement\":[{\"@type\":\"ListItem\",\"position\":1,\"name\":\"Home\",\"item\":\"https:\/\/helty-2022.mentine.work\/de\/\"},{\"@type\":\"ListItem\",\"position\":2,\"name\":\"Ausf\u00fchrungen\"}]},{\"@type\":\"WebSite\",\"@id\":\"https:\/\/helty-2022.mentine.work\/de\/#website\",\"url\":\"https:\/\/helty-2022.mentine.work\/de\/\",\"name\":\"Helty\",\"description\":\"Aria pura per la tua casa\",\"publisher\":{\"@id\":\"https:\/\/helty-2022.mentine.work\/de\/#organization\"},\"potentialAction\":[{\"@type\":\"SearchAction\",\"target\":{\"@type\":\"EntryPoint\",\"urlTemplate\":\"https:\/\/helty-2022.mentine.work\/de\/?s={search_term_string}\"},\"query-input\":{\"@type\":\"PropertyValueSpecification\",\"valueRequired\":true,\"valueName\":\"search_term_string\"}}],\"inLanguage\":\"de-DE\"},{\"@type\":\"Organization\",\"@id\":\"https:\/\/helty-2022.mentine.work\/de\/#organization\",\"name\":\"Helty srl\",\"url\":\"https:\/\/helty-2022.mentine.work\/de\/\",\"logo\":{\"@type\":\"ImageObject\",\"inLanguage\":\"de-DE\",\"@id\":\"https:\/\/helty-2022.mentine.work\/de\/#\/schema\/logo\/image\/\",\"url\":\"https:\/\/helty-2022.mentine.work\/wp-content\/uploads\/2022\/02\/Helty_logo_payoff1.jpg\",\"contentUrl\":\"https:\/\/helty-2022.mentine.work\/wp-content\/uploads\/2022\/02\/Helty_logo_payoff1.jpg\",\"width\":2000,\"height\":793,\"caption\":\"Helty srl\"},\"image\":{\"@id\":\"https:\/\/helty-2022.mentine.work\/de\/#\/schema\/logo\/image\/\"},\"sameAs\":[\"https:\/\/www.facebook.com\/HeltyOfficial\",\"https:\/\/www.instagram.com\/heltysrl\",\"https:\/\/www.linkedin.com\/company\/18785237\/\",\"https:\/\/www.youtube.com\/channel\/UCX9keynBErdTMgZoqTHd-iQ\/\"]}]}<\/script>\n<!-- \/ Yoast SEO plugin. -->","yoast_head_json":{"title":"Projekte von Helty - Fallbeispiele von Anlagen mit punktueller KWL und Zweistrombetrieb","description":"M\u00f6chten Sie die KWL von Helty kennenlernen? Werfen Sie einen Blick auf einige der von uns ausgef\u00fchrten Anlagen zur kontrollierten Wohnrauml\u00fcftung, die diversen Anforderungen gerecht werden.","robots":{"index":"noindex","follow":"follow","max-snippet":"max-snippet:-1","max-image-preview":"max-image-preview:large","max-video-preview":"max-video-preview:-1"},"og_locale":"de_DE","og_type":"article","og_title":"Projekte von Helty - Fallbeispiele von Anlagen mit punktueller KWL und Zweistrombetrieb","og_description":"M\u00f6chten Sie die KWL von Helty kennenlernen? Werfen Sie einen Blick auf einige der von uns ausgef\u00fchrten Anlagen zur kontrollierten Wohnrauml\u00fcftung, die diversen Anforderungen gerecht werden.","og_url":"https:\/\/helty-2022.mentine.work\/de\/ausfuehrungen\/","og_site_name":"Helty","article_publisher":"https:\/\/www.facebook.com\/HeltyOfficial","article_modified_time":"2024-08-02T14:47:40+00:00","twitter_card":"summary_large_image","schema":{"@context":"https:\/\/schema.org","@graph":[{"@type":"WebPage","@id":"https:\/\/helty-2022.mentine.work\/de\/ausfuehrungen\/","url":"https:\/\/helty-2022.mentine.work\/de\/ausfuehrungen\/","name":"Projekte von Helty - Fallbeispiele von Anlagen mit punktueller KWL und Zweistrombetrieb","isPartOf":{"@id":"https:\/\/helty-2022.mentine.work\/de\/#website"},"datePublished":"2024-08-02T14:41:28+00:00","dateModified":"2024-08-02T14:47:40+00:00","description":"M\u00f6chten Sie die KWL von Helty kennenlernen? Werfen Sie einen Blick auf einige der von uns ausgef\u00fchrten Anlagen zur kontrollierten Wohnrauml\u00fcftung, die diversen Anforderungen gerecht werden.","breadcrumb":{"@id":"https:\/\/helty-2022.mentine.work\/de\/ausfuehrungen\/#breadcrumb"},"inLanguage":"de-DE","potentialAction":[{"@type":"ReadAction","target":["https:\/\/helty-2022.mentine.work\/de\/ausfuehrungen\/"]}]},{"@type":"BreadcrumbList","@id":"https:\/\/helty-2022.mentine.work\/de\/ausfuehrungen\/#breadcrumb","itemListElement":[{"@type":"ListItem","position":1,"name":"Home","item":"https:\/\/helty-2022.mentine.work\/de\/"},{"@type":"ListItem","position":2,"name":"Ausf\u00fchrungen"}]},{"@type":"WebSite","@id":"https:\/\/helty-2022.mentine.work\/de\/#website","url":"https:\/\/helty-2022.mentine.work\/de\/","name":"Helty","description":"Aria pura per la tua casa","publisher":{"@id":"https:\/\/helty-2022.mentine.work\/de\/#organization"},"potentialAction":[{"@type":"SearchAction","target":{"@type":"EntryPoint","urlTemplate":"https:\/\/helty-2022.mentine.work\/de\/?s={search_term_string}"},"query-input":{"@type":"PropertyValueSpecification","valueRequired":true,"valueName":"search_term_string"}}],"inLanguage":"de-DE"},{"@type":"Organization","@id":"https:\/\/helty-2022.mentine.work\/de\/#organization","name":"Helty srl","url":"https:\/\/helty-2022.mentine.work\/de\/","logo":{"@type":"ImageObject","inLanguage":"de-DE","@id":"https:\/\/helty-2022.mentine.work\/de\/#\/schema\/logo\/image\/","url":"https:\/\/helty-2022.mentine.work\/wp-content\/uploads\/2022\/02\/Helty_logo_payoff1.jpg","contentUrl":"https:\/\/helty-2022.mentine.work\/wp-content\/uploads\/2022\/02\/Helty_logo_payoff1.jpg","width":2000,"height":793,"caption":"Helty srl"},"image":{"@id":"https:\/\/helty-2022.mentine.work\/de\/#\/schema\/logo\/image\/"},"sameAs":["https:\/\/www.facebook.com\/HeltyOfficial","https:\/\/www.instagram.com\/heltysrl","https:\/\/www.linkedin.com\/company\/18785237\/","https:\/\/www.youtube.com\/channel\/UCX9keynBErdTMgZoqTHd-iQ\/"]}]}},"_links":{"self":[{"href":"https:\/\/helty-2022.mentine.work\/de\/wp-json\/wp\/v2\/pages\/14487","targetHints":{"allow":["GET"]}}],"collection":[{"href":"https:\/\/helty-2022.mentine.work\/de\/wp-json\/wp\/v2\/pages"}],"about":[{"href":"https:\/\/helty-2022.mentine.work\/de\/wp-json\/wp\/v2\/types\/page"}],"author":[{"embeddable":true,"href":"https:\/\/helty-2022.mentine.work\/de\/wp-json\/wp\/v2\/users\/1"}],"replies":[{"embeddable":true,"href":"https:\/\/helty-2022.mentine.work\/de\/wp-json\/wp\/v2\/comments?post=14487"}],"version-history":[{"count":1,"href":"https:\/\/helty-2022.mentine.work\/de\/wp-json\/wp\/v2\/pages\/14487\/revisions"}],"predecessor-version":[{"id":14518,"href":"https:\/\/helty-2022.mentine.work\/de\/wp-json\/wp\/v2\/pages\/14487\/revisions\/14518"}],"wp:attachment":[{"href":"https:\/\/helty-2022.mentine.work\/de\/wp-json\/wp\/v2\/media?parent=14487"}],"curies":[{"name":"wp","href":"https:\/\/api.w.org\/{rel}","templated":true}]}}